{"id":39,"date":"2016-05-30T13:03:42","date_gmt":"2016-05-30T11:03:42","guid":{"rendered":"http:\/\/finedesignstockholm.se\/?page_id=39"},"modified":"2018-10-09T11:43:26","modified_gmt":"2018-10-09T09:43:26","slug":"om-oss","status":"publish","type":"page","link":"https:\/\/finedesignstockholm.se\/?page_id=39","title":{"rendered":"Om oss"},"content":{"rendered":"<h3><\/h3>\n<p>Fine Design Stockholm AB \u00e4r ett nischat dotterbolag till Stockholms Bordsuthyrning AB som specialiserat sig p\u00e5 modern inredning av kvalit\u00e9 och funktion. Vi hyr ut m\u00f6bler, belysning samt inredning till event, m\u00e4ssa och tv-produktion.<\/p>\n<p>Hos oss\u00a0hittar man dom sm\u00e5 detaljerna till hela koncept. Vi str\u00e4var efter\u00a0att f\u00f6rnya v\u00e5rt sortiment kontinuerligt s\u00e5 att det alltid finns nya artiklar att\u00a0inspireras av.<\/p>\n<p>&nbsp;<\/p>\n","protected":false},"excerpt":{"rendered":"<p>Fine Design Stockholm AB \u00e4r ett nischat dotterbolag till Stockholms Bordsuthyrning AB som specialiserat sig p\u00e5 modern inredning av kvalit\u00e9 och funktion. Vi hyr ut m\u00f6bler, belysning samt inredning till event, m\u00e4ssa och tv-produktion. Hos oss\u00a0hittar man dom sm\u00e5 detaljerna till hela koncept. Vi str\u00e4var efter\u00a0att f\u00f6rnya v\u00e5rt sortiment kontinuerligt s\u00e5 att det alltid finns [&hellip;]<\/p>\n","protected":false},"author":1,"featured_media":0,"parent":0,"menu_order":0,"comment_status":"closed","ping_status":"closed","template":"","meta":{"footnotes":""},"class_list":["post-39","page","type-page","status-publish","hentry"],"yoast_head":"<!-- This site is optimized with the Yoast SEO Premium plugin v21.8 (Yoast SEO v27.3) - https:\/\/yoast.com\/product\/yoast-seo-premium-wordpress\/ -->\n<title>Om oss - Fine Design Stockholm AB<\/title>\n<meta name=\"robots\" content=\"index, follow, max-snippet:-1, max-image-preview:large, max-video-preview:-1\" \/>\n<link rel=\"canonical\" href=\"https:\/\/finedesignstockholm.se\/?page_id=39\" \/>\n<meta property=\"og:locale\" content=\"sv_SE\" \/>\n<meta property=\"og:type\" content=\"article\" \/>\n<meta property=\"og:title\" content=\"Om oss\" \/>\n<meta property=\"og:description\" content=\"Fine Design Stockholm AB \u00e4r ett nischat dotterbolag till Stockholms Bordsuthyrning AB som specialiserat sig p\u00e5 modern inredning av kvalit\u00e9 och funktion. Vi hyr ut m\u00f6bler, belysning samt inredning till event, m\u00e4ssa och tv-produktion. Hos oss\u00a0hittar man dom sm\u00e5 detaljerna till hela koncept. Vi str\u00e4var efter\u00a0att f\u00f6rnya v\u00e5rt sortiment kontinuerligt s\u00e5 att det alltid finns [&hellip;]\" \/>\n<meta property=\"og:url\" content=\"https:\/\/finedesignstockholm.se\/?page_id=39\" \/>\n<meta property=\"og:site_name\" content=\"Fine Design Stockholm AB\" \/>\n<meta property=\"article:modified_time\" content=\"2018-10-09T09:43:26+00:00\" \/>\n<meta name=\"twitter:card\" content=\"summary_large_image\" \/>\n<script type=\"application\/ld+json\" class=\"yoast-schema-graph\">{\"@context\":\"https:\\\/\\\/schema.org\",\"@graph\":[{\"@type\":\"WebPage\",\"@id\":\"https:\\\/\\\/finedesignstockholm.se\\\/?page_id=39\",\"url\":\"https:\\\/\\\/finedesignstockholm.se\\\/?page_id=39\",\"name\":\"Om oss - Fine Design Stockholm AB\",\"isPartOf\":{\"@id\":\"https:\\\/\\\/finedesignstockholm.se\\\/#website\"},\"datePublished\":\"2016-05-30T11:03:42+00:00\",\"dateModified\":\"2018-10-09T09:43:26+00:00\",\"breadcrumb\":{\"@id\":\"https:\\\/\\\/finedesignstockholm.se\\\/?page_id=39#breadcrumb\"},\"inLanguage\":\"sv-SE\",\"potentialAction\":[{\"@type\":\"ReadAction\",\"target\":[\"https:\\\/\\\/finedesignstockholm.se\\\/?page_id=39\"]}]},{\"@type\":\"BreadcrumbList\",\"@id\":\"https:\\\/\\\/finedesignstockholm.se\\\/?page_id=39#breadcrumb\",\"itemListElement\":[{\"@type\":\"ListItem\",\"position\":1,\"name\":\"Hem\",\"item\":\"https:\\\/\\\/finedesignstockholm.se\\\/\"},{\"@type\":\"ListItem\",\"position\":2,\"name\":\"Om oss\"}]},{\"@type\":\"WebSite\",\"@id\":\"https:\\\/\\\/finedesignstockholm.se\\\/#website\",\"url\":\"https:\\\/\\\/finedesignstockholm.se\\\/\",\"name\":\"Fine Design Stockholm AB\",\"description\":\"\",\"potentialAction\":[{\"@type\":\"SearchAction\",\"target\":{\"@type\":\"EntryPoint\",\"urlTemplate\":\"https:\\\/\\\/finedesignstockholm.se\\\/?s={search_term_string}\"},\"query-input\":{\"@type\":\"PropertyValueSpecification\",\"valueRequired\":true,\"valueName\":\"search_term_string\"}}],\"inLanguage\":\"sv-SE\"}]}<\/script>\n<!-- \/ Yoast SEO Premium plugin. -->","yoast_head_json":{"title":"Om oss - Fine Design Stockholm AB","robots":{"index":"index","follow":"follow","max-snippet":"max-snippet:-1","max-image-preview":"max-image-preview:large","max-video-preview":"max-video-preview:-1"},"canonical":"https:\/\/finedesignstockholm.se\/?page_id=39","og_locale":"sv_SE","og_type":"article","og_title":"Om oss","og_description":"Fine Design Stockholm AB \u00e4r ett nischat dotterbolag till Stockholms Bordsuthyrning AB som specialiserat sig p\u00e5 modern inredning av kvalit\u00e9 och funktion. Vi hyr ut m\u00f6bler, belysning samt inredning till event, m\u00e4ssa och tv-produktion. Hos oss\u00a0hittar man dom sm\u00e5 detaljerna till hela koncept. Vi str\u00e4var efter\u00a0att f\u00f6rnya v\u00e5rt sortiment kontinuerligt s\u00e5 att det alltid finns [&hellip;]","og_url":"https:\/\/finedesignstockholm.se\/?page_id=39","og_site_name":"Fine Design Stockholm AB","article_modified_time":"2018-10-09T09:43:26+00:00","twitter_card":"summary_large_image","schema":{"@context":"https:\/\/schema.org","@graph":[{"@type":"WebPage","@id":"https:\/\/finedesignstockholm.se\/?page_id=39","url":"https:\/\/finedesignstockholm.se\/?page_id=39","name":"Om oss - Fine Design Stockholm AB","isPartOf":{"@id":"https:\/\/finedesignstockholm.se\/#website"},"datePublished":"2016-05-30T11:03:42+00:00","dateModified":"2018-10-09T09:43:26+00:00","breadcrumb":{"@id":"https:\/\/finedesignstockholm.se\/?page_id=39#breadcrumb"},"inLanguage":"sv-SE","potentialAction":[{"@type":"ReadAction","target":["https:\/\/finedesignstockholm.se\/?page_id=39"]}]},{"@type":"BreadcrumbList","@id":"https:\/\/finedesignstockholm.se\/?page_id=39#breadcrumb","itemListElement":[{"@type":"ListItem","position":1,"name":"Hem","item":"https:\/\/finedesignstockholm.se\/"},{"@type":"ListItem","position":2,"name":"Om oss"}]},{"@type":"WebSite","@id":"https:\/\/finedesignstockholm.se\/#website","url":"https:\/\/finedesignstockholm.se\/","name":"Fine Design Stockholm AB","description":"","potentialAction":[{"@type":"SearchAction","target":{"@type":"EntryPoint","urlTemplate":"https:\/\/finedesignstockholm.se\/?s={search_term_string}"},"query-input":{"@type":"PropertyValueSpecification","valueRequired":true,"valueName":"search_term_string"}}],"inLanguage":"sv-SE"}]}},"_links":{"self":[{"href":"https:\/\/finedesignstockholm.se\/index.php?rest_route=\/wp\/v2\/pages\/39","targetHints":{"allow":["GET"]}}],"collection":[{"href":"https:\/\/finedesignstockholm.se\/index.php?rest_route=\/wp\/v2\/pages"}],"about":[{"href":"https:\/\/finedesignstockholm.se\/index.php?rest_route=\/wp\/v2\/types\/page"}],"author":[{"embeddable":true,"href":"https:\/\/finedesignstockholm.se\/index.php?rest_route=\/wp\/v2\/users\/1"}],"replies":[{"embeddable":true,"href":"https:\/\/finedesignstockholm.se\/index.php?rest_route=%2Fwp%2Fv2%2Fcomments&post=39"}],"version-history":[{"count":5,"href":"https:\/\/finedesignstockholm.se\/index.php?rest_route=\/wp\/v2\/pages\/39\/revisions"}],"predecessor-version":[{"id":1107,"href":"https:\/\/finedesignstockholm.se\/index.php?rest_route=\/wp\/v2\/pages\/39\/revisions\/1107"}],"wp:attachment":[{"href":"https:\/\/finedesignstockholm.se\/index.php?rest_route=%2Fwp%2Fv2%2Fmedia&parent=39"}],"curies":[{"name":"wp","href":"https:\/\/api.w.org\/{rel}","templated":true}]}}