{"id":43,"date":"2016-05-30T13:04:57","date_gmt":"2016-05-30T11:04:57","guid":{"rendered":"http:\/\/finedesignstockholm.se\/?page_id=43"},"modified":"2018-03-13T13:06:58","modified_gmt":"2018-03-13T12:06:58","slug":"start","status":"publish","type":"page","link":"https:\/\/finedesignstockholm.se\/","title":{"rendered":"Start"},"content":{"rendered":"<p>&nbsp;<\/p>\n<div id=\"metaslider-id-334\" style=\"max-width: 1000px;\" class=\"ml-slider-3-107-0 metaslider metaslider-flex metaslider-334 ml-slider ms-theme-default nav-hidden\" role=\"region\" aria-label=\"Test\" data-height=\"400\" data-width=\"1000\">\n    <div id=\"metaslider_container_334\">\n        <div id=\"metaslider_334\">\n            <ul class='slides'>\n                <li style=\"display: block; width: 100%;\" class=\"slide-1879 ms-image \" aria-roledescription=\"slide\" data-date=\"2024-10-09 10:19:23\" data-filename=\"1.png\" data-slide-type=\"image\"><img loading=\"lazy\" decoding=\"async\" src=\"https:\/\/finedesignstockholm.se\/wp-content\/uploads\/sites\/3\/2024\/10\/1.png\" height=\"400\" width=\"1000\" alt=\"\" class=\"slider-334 slide-1879 msDefaultImage\" title=\"1\" \/><\/li>\n                <li style=\"display: none; width: 100%;\" class=\"slide-1839 ms-image \" aria-roledescription=\"slide\" data-date=\"2024-05-30 11:00:22\" data-filename=\"Namnlos-design-9.png\" data-slide-type=\"image\"><img loading=\"lazy\" decoding=\"async\" src=\"https:\/\/finedesignstockholm.se\/wp-content\/uploads\/sites\/3\/2024\/10\/Namnlos-design-9.png\" height=\"400\" width=\"1000\" alt=\"\" class=\"slider-334 slide-1839 msDefaultImage\" title=\"Namnl\u00f6s design (9)\" \/><\/li>\n                <li style=\"display: none; width: 100%;\" class=\"slide-571 ms-image \" aria-roledescription=\"slide\" data-date=\"2016-11-11 15:03:36\" data-filename=\"1-1000x400.png\" data-slide-type=\"image\"><img loading=\"lazy\" decoding=\"async\" src=\"https:\/\/finedesignstockholm.se\/wp-content\/uploads\/sites\/3\/2016\/11\/1-1000x400.png\" height=\"400\" width=\"1000\" alt=\"Hyr m\u00f6bler f\u00f6r event och m\u00e4ssor\" class=\"slider-334 slide-571 msDefaultImage\" title=\"Hyra m\u00f6bler i Stockholm\" \/><\/li>\n                <li style=\"display: none; width: 100%;\" class=\"slide-574 ms-image \" aria-roledescription=\"slide\" data-date=\"2016-11-11 15:03:43\" data-filename=\"4-1000x400.png\" data-slide-type=\"image\"><img loading=\"lazy\" decoding=\"async\" src=\"https:\/\/finedesignstockholm.se\/wp-content\/uploads\/sites\/3\/2016\/11\/4-1000x400.png\" height=\"400\" width=\"1000\" alt=\"\" class=\"slider-334 slide-574 msDefaultImage\" \/><\/li>\n                <li style=\"display: none; width: 100%;\" class=\"slide-575 ms-image \" aria-roledescription=\"slide\" data-date=\"2016-11-11 15:03:45\" data-filename=\"5-1000x400.png\" data-slide-type=\"image\"><img loading=\"lazy\" decoding=\"async\" src=\"https:\/\/finedesignstockholm.se\/wp-content\/uploads\/sites\/3\/2016\/11\/5-1000x400.png\" height=\"400\" width=\"1000\" alt=\"\" class=\"slider-334 slide-575 msDefaultImage\" \/><\/li>\n                <li style=\"display: none; width: 100%;\" class=\"slide-572 ms-image \" aria-roledescription=\"slide\" data-date=\"2016-11-11 15:03:38\" data-filename=\"2-1000x400.png\" data-slide-type=\"image\"><img loading=\"lazy\" decoding=\"async\" src=\"https:\/\/finedesignstockholm.se\/wp-content\/uploads\/sites\/3\/2016\/11\/2-1000x400.png\" height=\"400\" width=\"1000\" alt=\"\" class=\"slider-334 slide-572 msDefaultImage\" \/><\/li>\n                <li style=\"display: none; width: 100%;\" class=\"slide-1838 ms-image \" aria-roledescription=\"slide\" data-date=\"2024-05-30 10:59:49\" data-filename=\"BOULE2-1000x400.jpg\" data-slide-type=\"image\"><img loading=\"lazy\" decoding=\"async\" src=\"https:\/\/finedesignstockholm.se\/wp-content\/uploads\/sites\/3\/2020\/02\/BOULE2-1000x400.jpg\" height=\"400\" width=\"1000\" alt=\"\" class=\"slider-334 slide-1838 msDefaultImage\" title=\"BOULE\" \/><\/li>\n            <\/ul>\n        <\/div>\n        \n    <\/div>\n<\/div>\n","protected":false},"excerpt":{"rendered":"<p>&nbsp;<\/p>\n","protected":false},"author":1,"featured_media":0,"parent":0,"menu_order":0,"comment_status":"closed","ping_status":"closed","template":"template-homepage.php","meta":{"footnotes":""},"class_list":["post-43","page","type-page","status-publish","hentry"],"yoast_head":"<!-- This site is optimized with the Yoast SEO Premium plugin v21.8 (Yoast SEO v27.3) - https:\/\/yoast.com\/product\/yoast-seo-premium-wordpress\/ -->\n<title>Hyra m\u00f6bler, inredning, dekor till ditt event - Fine Design Stockholm<\/title>\n<meta name=\"description\" content=\"Hos oss p\u00e5 Fine Design Stockholm AB hittar du allt till t.ex. br\u00f6llop och m\u00e4ssor. Hyr m\u00f6bler, inredning och dekor med bara ett enkelt knapptryck! Vi har allt du beh\u00f6ver f\u00f6r din m\u00e4ssa, konferens eller fest.\" \/>\n<meta name=\"robots\" content=\"index, follow, max-snippet:-1, max-image-preview:large, max-video-preview:-1\" \/>\n<link rel=\"canonical\" href=\"https:\/\/finedesignstockholm.se\/\" \/>\n<meta property=\"og:locale\" content=\"sv_SE\" \/>\n<meta property=\"og:type\" content=\"article\" \/>\n<meta property=\"og:title\" content=\"Start\" \/>\n<meta property=\"og:description\" content=\"Hos oss p\u00e5 Fine Design Stockholm AB hittar du allt till t.ex. br\u00f6llop och m\u00e4ssor. Hyr m\u00f6bler, inredning och dekor med bara ett enkelt knapptryck! Vi har allt du beh\u00f6ver f\u00f6r din m\u00e4ssa, konferens eller fest.\" \/>\n<meta property=\"og:url\" content=\"https:\/\/finedesignstockholm.se\/\" \/>\n<meta property=\"og:site_name\" content=\"Fine Design Stockholm AB\" \/>\n<meta property=\"article:modified_time\" content=\"2018-03-13T12:06:58+00:00\" \/>\n<meta name=\"twitter:card\" content=\"summary_large_image\" \/>\n<script type=\"application\/ld+json\" class=\"yoast-schema-graph\">{\"@context\":\"https:\\\/\\\/schema.org\",\"@graph\":[{\"@type\":\"WebPage\",\"@id\":\"https:\\\/\\\/finedesignstockholm.se\\\/\",\"url\":\"https:\\\/\\\/finedesignstockholm.se\\\/\",\"name\":\"Hyra m\u00f6bler, inredning, dekor till ditt event - Fine Design Stockholm\",\"isPartOf\":{\"@id\":\"https:\\\/\\\/finedesignstockholm.se\\\/#website\"},\"datePublished\":\"2016-05-30T11:04:57+00:00\",\"dateModified\":\"2018-03-13T12:06:58+00:00\",\"description\":\"Hos oss p\u00e5 Fine Design Stockholm AB hittar du allt till t.ex. br\u00f6llop och m\u00e4ssor. Hyr m\u00f6bler, inredning och dekor med bara ett enkelt knapptryck! Vi har allt du beh\u00f6ver f\u00f6r din m\u00e4ssa, konferens eller fest.\",\"breadcrumb\":{\"@id\":\"https:\\\/\\\/finedesignstockholm.se\\\/#breadcrumb\"},\"inLanguage\":\"sv-SE\",\"potentialAction\":[{\"@type\":\"ReadAction\",\"target\":[\"https:\\\/\\\/finedesignstockholm.se\\\/\"]}]},{\"@type\":\"BreadcrumbList\",\"@id\":\"https:\\\/\\\/finedesignstockholm.se\\\/#breadcrumb\",\"itemListElement\":[{\"@type\":\"ListItem\",\"position\":1,\"name\":\"Hem\",\"item\":\"https:\\\/\\\/finedesignstockholm.se\\\/\"},{\"@type\":\"ListItem\",\"position\":2,\"name\":\"Start\"}]},{\"@type\":\"WebSite\",\"@id\":\"https:\\\/\\\/finedesignstockholm.se\\\/#website\",\"url\":\"https:\\\/\\\/finedesignstockholm.se\\\/\",\"name\":\"Fine Design Stockholm AB\",\"description\":\"\",\"potentialAction\":[{\"@type\":\"SearchAction\",\"target\":{\"@type\":\"EntryPoint\",\"urlTemplate\":\"https:\\\/\\\/finedesignstockholm.se\\\/?s={search_term_string}\"},\"query-input\":{\"@type\":\"PropertyValueSpecification\",\"valueRequired\":true,\"valueName\":\"search_term_string\"}}],\"inLanguage\":\"sv-SE\"}]}<\/script>\n<!-- \/ Yoast SEO Premium plugin. -->","yoast_head_json":{"title":"Hyra m\u00f6bler, inredning, dekor till ditt event - Fine Design Stockholm","description":"Hos oss p\u00e5 Fine Design Stockholm AB hittar du allt till t.ex. br\u00f6llop och m\u00e4ssor. Hyr m\u00f6bler, inredning och dekor med bara ett enkelt knapptryck! Vi har allt du beh\u00f6ver f\u00f6r din m\u00e4ssa, konferens eller fest.","robots":{"index":"index","follow":"follow","max-snippet":"max-snippet:-1","max-image-preview":"max-image-preview:large","max-video-preview":"max-video-preview:-1"},"canonical":"https:\/\/finedesignstockholm.se\/","og_locale":"sv_SE","og_type":"article","og_title":"Start","og_description":"Hos oss p\u00e5 Fine Design Stockholm AB hittar du allt till t.ex. br\u00f6llop och m\u00e4ssor. Hyr m\u00f6bler, inredning och dekor med bara ett enkelt knapptryck! Vi har allt du beh\u00f6ver f\u00f6r din m\u00e4ssa, konferens eller fest.","og_url":"https:\/\/finedesignstockholm.se\/","og_site_name":"Fine Design Stockholm AB","article_modified_time":"2018-03-13T12:06:58+00:00","twitter_card":"summary_large_image","schema":{"@context":"https:\/\/schema.org","@graph":[{"@type":"WebPage","@id":"https:\/\/finedesignstockholm.se\/","url":"https:\/\/finedesignstockholm.se\/","name":"Hyra m\u00f6bler, inredning, dekor till ditt event - Fine Design Stockholm","isPartOf":{"@id":"https:\/\/finedesignstockholm.se\/#website"},"datePublished":"2016-05-30T11:04:57+00:00","dateModified":"2018-03-13T12:06:58+00:00","description":"Hos oss p\u00e5 Fine Design Stockholm AB hittar du allt till t.ex. br\u00f6llop och m\u00e4ssor. Hyr m\u00f6bler, inredning och dekor med bara ett enkelt knapptryck! Vi har allt du beh\u00f6ver f\u00f6r din m\u00e4ssa, konferens eller fest.","breadcrumb":{"@id":"https:\/\/finedesignstockholm.se\/#breadcrumb"},"inLanguage":"sv-SE","potentialAction":[{"@type":"ReadAction","target":["https:\/\/finedesignstockholm.se\/"]}]},{"@type":"BreadcrumbList","@id":"https:\/\/finedesignstockholm.se\/#breadcrumb","itemListElement":[{"@type":"ListItem","position":1,"name":"Hem","item":"https:\/\/finedesignstockholm.se\/"},{"@type":"ListItem","position":2,"name":"Start"}]},{"@type":"WebSite","@id":"https:\/\/finedesignstockholm.se\/#website","url":"https:\/\/finedesignstockholm.se\/","name":"Fine Design Stockholm AB","description":"","potentialAction":[{"@type":"SearchAction","target":{"@type":"EntryPoint","urlTemplate":"https:\/\/finedesignstockholm.se\/?s={search_term_string}"},"query-input":{"@type":"PropertyValueSpecification","valueRequired":true,"valueName":"search_term_string"}}],"inLanguage":"sv-SE"}]}},"_links":{"self":[{"href":"https:\/\/finedesignstockholm.se\/index.php?rest_route=\/wp\/v2\/pages\/43","targetHints":{"allow":["GET"]}}],"collection":[{"href":"https:\/\/finedesignstockholm.se\/index.php?rest_route=\/wp\/v2\/pages"}],"about":[{"href":"https:\/\/finedesignstockholm.se\/index.php?rest_route=\/wp\/v2\/types\/page"}],"author":[{"embeddable":true,"href":"https:\/\/finedesignstockholm.se\/index.php?rest_route=\/wp\/v2\/users\/1"}],"replies":[{"embeddable":true,"href":"https:\/\/finedesignstockholm.se\/index.php?rest_route=%2Fwp%2Fv2%2Fcomments&post=43"}],"version-history":[{"count":5,"href":"https:\/\/finedesignstockholm.se\/index.php?rest_route=\/wp\/v2\/pages\/43\/revisions"}],"predecessor-version":[{"id":340,"href":"https:\/\/finedesignstockholm.se\/index.php?rest_route=\/wp\/v2\/pages\/43\/revisions\/340"}],"wp:attachment":[{"href":"https:\/\/finedesignstockholm.se\/index.php?rest_route=%2Fwp%2Fv2%2Fmedia&parent=43"}],"curies":[{"name":"wp","href":"https:\/\/api.w.org\/{rel}","templated":true}]}}