{"id":444,"date":"2016-06-22T11:18:02","date_gmt":"2016-06-22T09:18:02","guid":{"rendered":"http:\/\/finedesignstockholm.se\/?page_id=444"},"modified":"2022-04-04T12:05:57","modified_gmt":"2022-04-04T10:05:57","slug":"kontakt","status":"publish","type":"page","link":"https:\/\/finedesignstockholm.se\/?page_id=444","title":{"rendered":"Kontakt"},"content":{"rendered":"<p><strong>Lager &amp; utl\u00e4mningsst\u00e4lle<\/strong><br \/>\nRadiov\u00e4gen 3B<br \/>\n181 55 LIDING\u00d6<\/p>\n<p><strong>\u00d6ppettider:<\/strong> Vardagar mellan kl 8.00-16.00<\/p>\n<p><strong>Telefon<\/strong>: <a href=\"tel:084117921\">08-411 79 21<\/a>,\u00a0<em>telefonv\u00e4xeln \u00e4r st\u00e4ngd mellan kl. 12.00-13.00<br \/>\n<\/em><strong>Jourtelefon<\/strong>: <a href=\"tel:0707782173\">070-778 21 73<\/a>,\u00a0<em>endast vid akuta \u00e4renden<\/em><\/p>\n<p><strong>E-mail:<\/strong><br \/>\nOrder\/kundtj\u00e4nst: <a href=\"mailto:info@finedesignstockholm.se\">info@finedesignstockholm.se<\/a><\/p>\n","protected":false},"excerpt":{"rendered":"<p>Lager &amp; utl\u00e4mningsst\u00e4lle Radiov\u00e4gen 3B 181 55 LIDING\u00d6 \u00d6ppettider: Vardagar mellan kl 8.00-16.00 Telefon: 08-411 79 21,\u00a0telefonv\u00e4xeln \u00e4r st\u00e4ngd mellan kl. 12.00-13.00 Jourtelefon: 070-778 21 73,\u00a0endast vid akuta \u00e4renden E-mail: Order\/kundtj\u00e4nst: info@finedesignstockholm.se<\/p>\n","protected":false},"author":1,"featured_media":0,"parent":0,"menu_order":0,"comment_status":"closed","ping_status":"closed","template":"template-text_map.php","meta":{"footnotes":""},"class_list":["post-444","page","type-page","status-publish","hentry"],"yoast_head":"<!-- This site is optimized with the Yoast SEO Premium plugin v21.8 (Yoast SEO v27.3) - https:\/\/yoast.com\/product\/yoast-seo-premium-wordpress\/ -->\n<title>Kontakt - Fine Design Stockholm AB<\/title>\n<meta name=\"robots\" content=\"index, follow, max-snippet:-1, max-image-preview:large, max-video-preview:-1\" \/>\n<link rel=\"canonical\" href=\"https:\/\/finedesignstockholm.se\/?page_id=444\" \/>\n<meta property=\"og:locale\" content=\"sv_SE\" \/>\n<meta property=\"og:type\" content=\"article\" \/>\n<meta property=\"og:title\" content=\"Kontakt\" \/>\n<meta property=\"og:description\" content=\"Lager &amp; utl\u00e4mningsst\u00e4lle Radiov\u00e4gen 3B 181 55 LIDING\u00d6 \u00d6ppettider: Vardagar mellan kl 8.00-16.00 Telefon: 08-411 79 21,\u00a0telefonv\u00e4xeln \u00e4r st\u00e4ngd mellan kl. 12.00-13.00 Jourtelefon: 070-778 21 73,\u00a0endast vid akuta \u00e4renden E-mail: Order\/kundtj\u00e4nst: info@finedesignstockholm.se\" \/>\n<meta property=\"og:url\" content=\"https:\/\/finedesignstockholm.se\/?page_id=444\" \/>\n<meta property=\"og:site_name\" content=\"Fine Design Stockholm AB\" \/>\n<meta property=\"article:modified_time\" content=\"2022-04-04T10:05:57+00:00\" \/>\n<meta name=\"twitter:card\" content=\"summary_large_image\" \/>\n<meta name=\"twitter:label1\" content=\"Ber\u00e4knad l\u00e4stid\" \/>\n\t<meta name=\"twitter:data1\" content=\"1 minut\" \/>\n<script type=\"application\/ld+json\" class=\"yoast-schema-graph\">{\"@context\":\"https:\\\/\\\/schema.org\",\"@graph\":[{\"@type\":\"WebPage\",\"@id\":\"https:\\\/\\\/finedesignstockholm.se\\\/?page_id=444\",\"url\":\"https:\\\/\\\/finedesignstockholm.se\\\/?page_id=444\",\"name\":\"Kontakt - Fine Design Stockholm AB\",\"isPartOf\":{\"@id\":\"https:\\\/\\\/finedesignstockholm.se\\\/#website\"},\"datePublished\":\"2016-06-22T09:18:02+00:00\",\"dateModified\":\"2022-04-04T10:05:57+00:00\",\"breadcrumb\":{\"@id\":\"https:\\\/\\\/finedesignstockholm.se\\\/?page_id=444#breadcrumb\"},\"inLanguage\":\"sv-SE\",\"potentialAction\":[{\"@type\":\"ReadAction\",\"target\":[\"https:\\\/\\\/finedesignstockholm.se\\\/?page_id=444\"]}]},{\"@type\":\"BreadcrumbList\",\"@id\":\"https:\\\/\\\/finedesignstockholm.se\\\/?page_id=444#breadcrumb\",\"itemListElement\":[{\"@type\":\"ListItem\",\"position\":1,\"name\":\"Hem\",\"item\":\"https:\\\/\\\/finedesignstockholm.se\\\/\"},{\"@type\":\"ListItem\",\"position\":2,\"name\":\"Kontakt\"}]},{\"@type\":\"WebSite\",\"@id\":\"https:\\\/\\\/finedesignstockholm.se\\\/#website\",\"url\":\"https:\\\/\\\/finedesignstockholm.se\\\/\",\"name\":\"Fine Design Stockholm AB\",\"description\":\"\",\"potentialAction\":[{\"@type\":\"SearchAction\",\"target\":{\"@type\":\"EntryPoint\",\"urlTemplate\":\"https:\\\/\\\/finedesignstockholm.se\\\/?s={search_term_string}\"},\"query-input\":{\"@type\":\"PropertyValueSpecification\",\"valueRequired\":true,\"valueName\":\"search_term_string\"}}],\"inLanguage\":\"sv-SE\"}]}<\/script>\n<!-- \/ Yoast SEO Premium plugin. -->","yoast_head_json":{"title":"Kontakt - Fine Design Stockholm AB","robots":{"index":"index","follow":"follow","max-snippet":"max-snippet:-1","max-image-preview":"max-image-preview:large","max-video-preview":"max-video-preview:-1"},"canonical":"https:\/\/finedesignstockholm.se\/?page_id=444","og_locale":"sv_SE","og_type":"article","og_title":"Kontakt","og_description":"Lager &amp; utl\u00e4mningsst\u00e4lle Radiov\u00e4gen 3B 181 55 LIDING\u00d6 \u00d6ppettider: Vardagar mellan kl 8.00-16.00 Telefon: 08-411 79 21,\u00a0telefonv\u00e4xeln \u00e4r st\u00e4ngd mellan kl. 12.00-13.00 Jourtelefon: 070-778 21 73,\u00a0endast vid akuta \u00e4renden E-mail: Order\/kundtj\u00e4nst: info@finedesignstockholm.se","og_url":"https:\/\/finedesignstockholm.se\/?page_id=444","og_site_name":"Fine Design Stockholm AB","article_modified_time":"2022-04-04T10:05:57+00:00","twitter_card":"summary_large_image","twitter_misc":{"Ber\u00e4knad l\u00e4stid":"1 minut"},"schema":{"@context":"https:\/\/schema.org","@graph":[{"@type":"WebPage","@id":"https:\/\/finedesignstockholm.se\/?page_id=444","url":"https:\/\/finedesignstockholm.se\/?page_id=444","name":"Kontakt - Fine Design Stockholm AB","isPartOf":{"@id":"https:\/\/finedesignstockholm.se\/#website"},"datePublished":"2016-06-22T09:18:02+00:00","dateModified":"2022-04-04T10:05:57+00:00","breadcrumb":{"@id":"https:\/\/finedesignstockholm.se\/?page_id=444#breadcrumb"},"inLanguage":"sv-SE","potentialAction":[{"@type":"ReadAction","target":["https:\/\/finedesignstockholm.se\/?page_id=444"]}]},{"@type":"BreadcrumbList","@id":"https:\/\/finedesignstockholm.se\/?page_id=444#breadcrumb","itemListElement":[{"@type":"ListItem","position":1,"name":"Hem","item":"https:\/\/finedesignstockholm.se\/"},{"@type":"ListItem","position":2,"name":"Kontakt"}]},{"@type":"WebSite","@id":"https:\/\/finedesignstockholm.se\/#website","url":"https:\/\/finedesignstockholm.se\/","name":"Fine Design Stockholm AB","description":"","potentialAction":[{"@type":"SearchAction","target":{"@type":"EntryPoint","urlTemplate":"https:\/\/finedesignstockholm.se\/?s={search_term_string}"},"query-input":{"@type":"PropertyValueSpecification","valueRequired":true,"valueName":"search_term_string"}}],"inLanguage":"sv-SE"}]}},"_links":{"self":[{"href":"https:\/\/finedesignstockholm.se\/index.php?rest_route=\/wp\/v2\/pages\/444","targetHints":{"allow":["GET"]}}],"collection":[{"href":"https:\/\/finedesignstockholm.se\/index.php?rest_route=\/wp\/v2\/pages"}],"about":[{"href":"https:\/\/finedesignstockholm.se\/index.php?rest_route=\/wp\/v2\/types\/page"}],"author":[{"embeddable":true,"href":"https:\/\/finedesignstockholm.se\/index.php?rest_route=\/wp\/v2\/users\/1"}],"replies":[{"embeddable":true,"href":"https:\/\/finedesignstockholm.se\/index.php?rest_route=%2Fwp%2Fv2%2Fcomments&post=444"}],"version-history":[{"count":5,"href":"https:\/\/finedesignstockholm.se\/index.php?rest_route=\/wp\/v2\/pages\/444\/revisions"}],"predecessor-version":[{"id":1572,"href":"https:\/\/finedesignstockholm.se\/index.php?rest_route=\/wp\/v2\/pages\/444\/revisions\/1572"}],"wp:attachment":[{"href":"https:\/\/finedesignstockholm.se\/index.php?rest_route=%2Fwp%2Fv2%2Fmedia&parent=444"}],"curies":[{"name":"wp","href":"https:\/\/api.w.org\/{rel}","templated":true}]}}