{"id":1132,"date":"2019-01-22T13:30:05","date_gmt":"2019-01-22T12:30:05","guid":{"rendered":"http:\/\/finedesignstockholm.se\/?product=invisible"},"modified":"2026-02-20T08:32:16","modified_gmt":"2026-02-20T07:32:16","slug":"invisible","status":"publish","type":"product","link":"https:\/\/finedesignstockholm.se\/?product=invisible","title":{"rendered":"INVISIBLE"},"content":{"rendered":"","protected":false},"excerpt":{"rendered":"<p class=\"p1\"><span class=\"s1\">H\u00f6j- &amp; s\u00e4nkbart st\u00e5bord med glasskiva<br \/>\n<strong><br \/>\nM\u00e5tt:<br \/>\n<\/strong><\/span><span class=\"s1\">\u00d8: 60 cm<br \/>\nH\u00f6jd: 84-104 cm<\/span><\/p>\n<p class=\"p1\"><em><span class=\"s1\">Hyrpris baserat p\u00e5 1-dygn, veckopris offereras!<\/span><\/em><\/p>\n","protected":false},"featured_media":1134,"comment_status":"open","ping_status":"closed","template":"","meta":[],"product_brand":[],"product_cat":[99,96],"product_tag":[],"class_list":{"0":"post-1132","1":"product","2":"type-product","3":"status-publish","4":"has-post-thumbnail","6":"product_cat-bord","7":"product_cat-mobler","9":"first","10":"instock","11":"taxable","12":"shipping-taxable","13":"purchasable","14":"product-type-simple"},"bundle_layout":"","bundled_by":[],"bundled_items":[],"yoast_head":"<!-- This site is optimized with the Yoast SEO Premium plugin v21.8 (Yoast SEO v27.3) - https:\/\/yoast.com\/product\/yoast-seo-premium-wordpress\/ -->\n<title>INVISIBLE - Fine Design Stockholm AB<\/title>\n<meta name=\"robots\" content=\"index, follow, max-snippet:-1, max-image-preview:large, max-video-preview:-1\" \/>\n<link rel=\"canonical\" href=\"https:\/\/finedesignstockholm.se\/?product=invisible\" \/>\n<meta property=\"og:locale\" content=\"sv_SE\" \/>\n<meta property=\"og:type\" content=\"article\" \/>\n<meta property=\"og:title\" content=\"INVISIBLE\" \/>\n<meta property=\"og:description\" content=\"H\u00f6j- &amp; s\u00e4nkbart st\u00e5bord med glasskiva  M\u00e5tt: \u00d8: 60 cm H\u00f6jd: 84-104 cm Hyrpris baserat p\u00e5 1-dygn, veckopris offereras!\" \/>\n<meta property=\"og:url\" content=\"https:\/\/finedesignstockholm.se\/?product=invisible\" \/>\n<meta property=\"og:site_name\" content=\"Fine Design Stockholm AB\" \/>\n<meta property=\"article:modified_time\" content=\"2026-02-20T07:32:16+00:00\" \/>\n<meta property=\"og:image\" content=\"https:\/\/finedesignstockholm.se\/wp-content\/uploads\/sites\/3\/2019\/01\/INVISIBLE.jpg\" \/>\n\t<meta property=\"og:image:width\" content=\"1280\" \/>\n\t<meta property=\"og:image:height\" content=\"1304\" \/>\n\t<meta property=\"og:image:type\" content=\"image\/jpeg\" \/>\n<meta name=\"twitter:card\" content=\"summary_large_image\" \/>\n<meta name=\"twitter:label1\" content=\"Ber\u00e4knad l\u00e4stid\" \/>\n\t<meta name=\"twitter:data1\" content=\"1 minut\" \/>\n<script type=\"application\/ld+json\" class=\"yoast-schema-graph\">{\"@context\":\"https:\\\/\\\/schema.org\",\"@graph\":[{\"@type\":\"WebPage\",\"@id\":\"https:\\\/\\\/finedesignstockholm.se\\\/?product=invisible\",\"url\":\"https:\\\/\\\/finedesignstockholm.se\\\/?product=invisible\",\"name\":\"INVISIBLE - Fine Design Stockholm AB\",\"isPartOf\":{\"@id\":\"https:\\\/\\\/finedesignstockholm.se\\\/#website\"},\"primaryImageOfPage\":{\"@id\":\"https:\\\/\\\/finedesignstockholm.se\\\/?product=invisible#primaryimage\"},\"image\":{\"@id\":\"https:\\\/\\\/finedesignstockholm.se\\\/?product=invisible#primaryimage\"},\"thumbnailUrl\":\"https:\\\/\\\/finedesignstockholm.se\\\/wp-content\\\/uploads\\\/sites\\\/3\\\/2019\\\/01\\\/INVISIBLE.jpg\",\"datePublished\":\"2019-01-22T12:30:05+00:00\",\"dateModified\":\"2026-02-20T07:32:16+00:00\",\"breadcrumb\":{\"@id\":\"https:\\\/\\\/finedesignstockholm.se\\\/?product=invisible#breadcrumb\"},\"inLanguage\":\"sv-SE\",\"potentialAction\":[{\"@type\":\"ReadAction\",\"target\":[\"https:\\\/\\\/finedesignstockholm.se\\\/?product=invisible\"]}]},{\"@type\":\"ImageObject\",\"inLanguage\":\"sv-SE\",\"@id\":\"https:\\\/\\\/finedesignstockholm.se\\\/?product=invisible#primaryimage\",\"url\":\"https:\\\/\\\/finedesignstockholm.se\\\/wp-content\\\/uploads\\\/sites\\\/3\\\/2019\\\/01\\\/INVISIBLE.jpg\",\"contentUrl\":\"https:\\\/\\\/finedesignstockholm.se\\\/wp-content\\\/uploads\\\/sites\\\/3\\\/2019\\\/01\\\/INVISIBLE.jpg\",\"width\":1280,\"height\":1304},{\"@type\":\"BreadcrumbList\",\"@id\":\"https:\\\/\\\/finedesignstockholm.se\\\/?product=invisible#breadcrumb\",\"itemListElement\":[{\"@type\":\"ListItem\",\"position\":1,\"name\":\"Hem\",\"item\":\"https:\\\/\\\/finedesignstockholm.se\\\/\"},{\"@type\":\"ListItem\",\"position\":2,\"name\":\"Sortiment att hyra\",\"item\":\"https:\\\/\\\/finedesignstockholm.se\\\/?page_id=35\"},{\"@type\":\"ListItem\",\"position\":3,\"name\":\"INVISIBLE\"}]},{\"@type\":\"WebSite\",\"@id\":\"https:\\\/\\\/finedesignstockholm.se\\\/#website\",\"url\":\"https:\\\/\\\/finedesignstockholm.se\\\/\",\"name\":\"Fine Design Stockholm AB\",\"description\":\"\",\"potentialAction\":[{\"@type\":\"SearchAction\",\"target\":{\"@type\":\"EntryPoint\",\"urlTemplate\":\"https:\\\/\\\/finedesignstockholm.se\\\/?s={search_term_string}\"},\"query-input\":{\"@type\":\"PropertyValueSpecification\",\"valueRequired\":true,\"valueName\":\"search_term_string\"}}],\"inLanguage\":\"sv-SE\"}]}<\/script>\n<!-- \/ Yoast SEO Premium plugin. -->","yoast_head_json":{"title":"INVISIBLE - Fine Design Stockholm AB","robots":{"index":"index","follow":"follow","max-snippet":"max-snippet:-1","max-image-preview":"max-image-preview:large","max-video-preview":"max-video-preview:-1"},"canonical":"https:\/\/finedesignstockholm.se\/?product=invisible","og_locale":"sv_SE","og_type":"article","og_title":"INVISIBLE","og_description":"H\u00f6j- &amp; s\u00e4nkbart st\u00e5bord med glasskiva  M\u00e5tt: \u00d8: 60 cm H\u00f6jd: 84-104 cm Hyrpris baserat p\u00e5 1-dygn, veckopris offereras!","og_url":"https:\/\/finedesignstockholm.se\/?product=invisible","og_site_name":"Fine Design Stockholm AB","article_modified_time":"2026-02-20T07:32:16+00:00","og_image":[{"width":1280,"height":1304,"url":"https:\/\/finedesignstockholm.se\/wp-content\/uploads\/sites\/3\/2019\/01\/INVISIBLE.jpg","type":"image\/jpeg"}],"twitter_card":"summary_large_image","twitter_misc":{"Ber\u00e4knad l\u00e4stid":"1 minut"},"schema":{"@context":"https:\/\/schema.org","@graph":[{"@type":"WebPage","@id":"https:\/\/finedesignstockholm.se\/?product=invisible","url":"https:\/\/finedesignstockholm.se\/?product=invisible","name":"INVISIBLE - Fine Design Stockholm AB","isPartOf":{"@id":"https:\/\/finedesignstockholm.se\/#website"},"primaryImageOfPage":{"@id":"https:\/\/finedesignstockholm.se\/?product=invisible#primaryimage"},"image":{"@id":"https:\/\/finedesignstockholm.se\/?product=invisible#primaryimage"},"thumbnailUrl":"https:\/\/finedesignstockholm.se\/wp-content\/uploads\/sites\/3\/2019\/01\/INVISIBLE.jpg","datePublished":"2019-01-22T12:30:05+00:00","dateModified":"2026-02-20T07:32:16+00:00","breadcrumb":{"@id":"https:\/\/finedesignstockholm.se\/?product=invisible#breadcrumb"},"inLanguage":"sv-SE","potentialAction":[{"@type":"ReadAction","target":["https:\/\/finedesignstockholm.se\/?product=invisible"]}]},{"@type":"ImageObject","inLanguage":"sv-SE","@id":"https:\/\/finedesignstockholm.se\/?product=invisible#primaryimage","url":"https:\/\/finedesignstockholm.se\/wp-content\/uploads\/sites\/3\/2019\/01\/INVISIBLE.jpg","contentUrl":"https:\/\/finedesignstockholm.se\/wp-content\/uploads\/sites\/3\/2019\/01\/INVISIBLE.jpg","width":1280,"height":1304},{"@type":"BreadcrumbList","@id":"https:\/\/finedesignstockholm.se\/?product=invisible#breadcrumb","itemListElement":[{"@type":"ListItem","position":1,"name":"Hem","item":"https:\/\/finedesignstockholm.se\/"},{"@type":"ListItem","position":2,"name":"Sortiment att hyra","item":"https:\/\/finedesignstockholm.se\/?page_id=35"},{"@type":"ListItem","position":3,"name":"INVISIBLE"}]},{"@type":"WebSite","@id":"https:\/\/finedesignstockholm.se\/#website","url":"https:\/\/finedesignstockholm.se\/","name":"Fine Design Stockholm AB","description":"","potentialAction":[{"@type":"SearchAction","target":{"@type":"EntryPoint","urlTemplate":"https:\/\/finedesignstockholm.se\/?s={search_term_string}"},"query-input":{"@type":"PropertyValueSpecification","valueRequired":true,"valueName":"search_term_string"}}],"inLanguage":"sv-SE"}]}},"_links":{"self":[{"href":"https:\/\/finedesignstockholm.se\/index.php?rest_route=\/wp\/v2\/product\/1132","targetHints":{"allow":["GET"]}}],"collection":[{"href":"https:\/\/finedesignstockholm.se\/index.php?rest_route=\/wp\/v2\/product"}],"about":[{"href":"https:\/\/finedesignstockholm.se\/index.php?rest_route=\/wp\/v2\/types\/product"}],"replies":[{"embeddable":true,"href":"https:\/\/finedesignstockholm.se\/index.php?rest_route=%2Fwp%2Fv2%2Fcomments&post=1132"}],"wp:featuredmedia":[{"embeddable":true,"href":"https:\/\/finedesignstockholm.se\/index.php?rest_route=\/wp\/v2\/media\/1134"}],"wp:attachment":[{"href":"https:\/\/finedesignstockholm.se\/index.php?rest_route=%2Fwp%2Fv2%2Fmedia&parent=1132"}],"wp:term":[{"taxonomy":"product_brand","embeddable":true,"href":"https:\/\/finedesignstockholm.se\/index.php?rest_route=%2Fwp%2Fv2%2Fproduct_brand&post=1132"},{"taxonomy":"product_cat","embeddable":true,"href":"https:\/\/finedesignstockholm.se\/index.php?rest_route=%2Fwp%2Fv2%2Fproduct_cat&post=1132"},{"taxonomy":"product_tag","embeddable":true,"href":"https:\/\/finedesignstockholm.se\/index.php?rest_route=%2Fwp%2Fv2%2Fproduct_tag&post=1132"}],"curies":[{"name":"wp","href":"https:\/\/api.w.org\/{rel}","templated":true}]}}