{"id":1152,"date":"2019-02-14T15:32:05","date_gmt":"2019-02-14T14:32:05","guid":{"rendered":"http:\/\/finedesignstockholm.se\/?product=lampskarm-brun"},"modified":"2023-10-13T15:53:35","modified_gmt":"2023-10-13T13:53:35","slug":"lampskarm-brun","status":"publish","type":"product","link":"https:\/\/finedesignstockholm.se\/?product=lampskarm-brun","title":{"rendered":"LAMPSK\u00c4RM BRUN"},"content":{"rendered":"","protected":false},"excerpt":{"rendered":"<p class=\"p1\"><span class=\"s1\">Brun lampsk\u00e4rm i sammet<\/span><\/p>\n<p class=\"p1\"><em><span class=\"s1\">Hyrpris baserat p\u00e5 1-dygn, veckopris offereras!<\/span><\/em><\/p>\n","protected":false},"featured_media":1728,"comment_status":"open","ping_status":"closed","template":"","meta":[],"product_brand":[],"product_cat":[6,8],"product_tag":[],"class_list":{"0":"post-1152","1":"product","2":"type-product","3":"status-publish","4":"has-post-thumbnail","6":"product_cat-belysning","7":"product_cat-golvlampor","9":"first","10":"instock","11":"taxable","12":"shipping-taxable","13":"purchasable","14":"product-type-simple"},"bundle_layout":"","bundled_by":[],"bundled_items":[],"yoast_head":"<!-- This site is optimized with the Yoast SEO Premium plugin v21.8 (Yoast SEO v27.6) - https:\/\/yoast.com\/product\/yoast-seo-premium-wordpress\/ -->\n<title>LAMPSK\u00c4RM BRUN - Fine Design Stockholm AB<\/title>\n<meta name=\"robots\" content=\"index, follow, max-snippet:-1, max-image-preview:large, max-video-preview:-1\" \/>\n<link rel=\"canonical\" href=\"https:\/\/finedesignstockholm.se\/?product=lampskarm-brun\" \/>\n<meta property=\"og:locale\" content=\"sv_SE\" \/>\n<meta property=\"og:type\" content=\"article\" \/>\n<meta property=\"og:title\" content=\"LAMPSK\u00c4RM BRUN\" \/>\n<meta property=\"og:description\" content=\"Brun lampsk\u00e4rm i sammet Hyrpris baserat p\u00e5 1-dygn, veckopris offereras!\" \/>\n<meta property=\"og:url\" content=\"https:\/\/finedesignstockholm.se\/?product=lampskarm-brun\" \/>\n<meta property=\"og:site_name\" content=\"Fine Design Stockholm AB\" \/>\n<meta property=\"article:modified_time\" content=\"2023-10-13T13:53:35+00:00\" \/>\n<meta property=\"og:image\" content=\"https:\/\/finedesignstockholm.se\/wp-content\/uploads\/sites\/3\/2019\/02\/brunlampsk-269x300-1.jpg\" \/>\n\t<meta property=\"og:image:width\" content=\"269\" \/>\n\t<meta property=\"og:image:height\" content=\"300\" \/>\n\t<meta property=\"og:image:type\" content=\"image\/jpeg\" \/>\n<meta name=\"twitter:card\" content=\"summary_large_image\" \/>\n<script type=\"application\/ld+json\" class=\"yoast-schema-graph\">{\"@context\":\"https:\\\/\\\/schema.org\",\"@graph\":[{\"@type\":\"WebPage\",\"@id\":\"https:\\\/\\\/finedesignstockholm.se\\\/?product=lampskarm-brun\",\"url\":\"https:\\\/\\\/finedesignstockholm.se\\\/?product=lampskarm-brun\",\"name\":\"LAMPSK\u00c4RM BRUN - Fine Design Stockholm AB\",\"isPartOf\":{\"@id\":\"https:\\\/\\\/finedesignstockholm.se\\\/#website\"},\"primaryImageOfPage\":{\"@id\":\"https:\\\/\\\/finedesignstockholm.se\\\/?product=lampskarm-brun#primaryimage\"},\"image\":{\"@id\":\"https:\\\/\\\/finedesignstockholm.se\\\/?product=lampskarm-brun#primaryimage\"},\"thumbnailUrl\":\"https:\\\/\\\/finedesignstockholm.se\\\/wp-content\\\/uploads\\\/sites\\\/3\\\/2019\\\/02\\\/brunlampsk-269x300-1.jpg\",\"datePublished\":\"2019-02-14T14:32:05+00:00\",\"dateModified\":\"2023-10-13T13:53:35+00:00\",\"breadcrumb\":{\"@id\":\"https:\\\/\\\/finedesignstockholm.se\\\/?product=lampskarm-brun#breadcrumb\"},\"inLanguage\":\"sv-SE\",\"potentialAction\":[{\"@type\":\"ReadAction\",\"target\":[\"https:\\\/\\\/finedesignstockholm.se\\\/?product=lampskarm-brun\"]}]},{\"@type\":\"ImageObject\",\"inLanguage\":\"sv-SE\",\"@id\":\"https:\\\/\\\/finedesignstockholm.se\\\/?product=lampskarm-brun#primaryimage\",\"url\":\"https:\\\/\\\/finedesignstockholm.se\\\/wp-content\\\/uploads\\\/sites\\\/3\\\/2019\\\/02\\\/brunlampsk-269x300-1.jpg\",\"contentUrl\":\"https:\\\/\\\/finedesignstockholm.se\\\/wp-content\\\/uploads\\\/sites\\\/3\\\/2019\\\/02\\\/brunlampsk-269x300-1.jpg\",\"width\":269,\"height\":300},{\"@type\":\"BreadcrumbList\",\"@id\":\"https:\\\/\\\/finedesignstockholm.se\\\/?product=lampskarm-brun#breadcrumb\",\"itemListElement\":[{\"@type\":\"ListItem\",\"position\":1,\"name\":\"Hem\",\"item\":\"https:\\\/\\\/finedesignstockholm.se\\\/\"},{\"@type\":\"ListItem\",\"position\":2,\"name\":\"Sortiment att hyra\",\"item\":\"https:\\\/\\\/finedesignstockholm.se\\\/?page_id=35\"},{\"@type\":\"ListItem\",\"position\":3,\"name\":\"LAMPSK\u00c4RM BRUN\"}]},{\"@type\":\"WebSite\",\"@id\":\"https:\\\/\\\/finedesignstockholm.se\\\/#website\",\"url\":\"https:\\\/\\\/finedesignstockholm.se\\\/\",\"name\":\"Fine Design Stockholm AB\",\"description\":\"\",\"potentialAction\":[{\"@type\":\"SearchAction\",\"target\":{\"@type\":\"EntryPoint\",\"urlTemplate\":\"https:\\\/\\\/finedesignstockholm.se\\\/?s={search_term_string}\"},\"query-input\":{\"@type\":\"PropertyValueSpecification\",\"valueRequired\":true,\"valueName\":\"search_term_string\"}}],\"inLanguage\":\"sv-SE\"}]}<\/script>\n<!-- \/ Yoast SEO Premium plugin. -->","yoast_head_json":{"title":"LAMPSK\u00c4RM BRUN - Fine Design Stockholm AB","robots":{"index":"index","follow":"follow","max-snippet":"max-snippet:-1","max-image-preview":"max-image-preview:large","max-video-preview":"max-video-preview:-1"},"canonical":"https:\/\/finedesignstockholm.se\/?product=lampskarm-brun","og_locale":"sv_SE","og_type":"article","og_title":"LAMPSK\u00c4RM BRUN","og_description":"Brun lampsk\u00e4rm i sammet Hyrpris baserat p\u00e5 1-dygn, veckopris offereras!","og_url":"https:\/\/finedesignstockholm.se\/?product=lampskarm-brun","og_site_name":"Fine Design Stockholm AB","article_modified_time":"2023-10-13T13:53:35+00:00","og_image":[{"width":269,"height":300,"url":"https:\/\/finedesignstockholm.se\/wp-content\/uploads\/sites\/3\/2019\/02\/brunlampsk-269x300-1.jpg","type":"image\/jpeg"}],"twitter_card":"summary_large_image","schema":{"@context":"https:\/\/schema.org","@graph":[{"@type":"WebPage","@id":"https:\/\/finedesignstockholm.se\/?product=lampskarm-brun","url":"https:\/\/finedesignstockholm.se\/?product=lampskarm-brun","name":"LAMPSK\u00c4RM BRUN - Fine Design Stockholm AB","isPartOf":{"@id":"https:\/\/finedesignstockholm.se\/#website"},"primaryImageOfPage":{"@id":"https:\/\/finedesignstockholm.se\/?product=lampskarm-brun#primaryimage"},"image":{"@id":"https:\/\/finedesignstockholm.se\/?product=lampskarm-brun#primaryimage"},"thumbnailUrl":"https:\/\/finedesignstockholm.se\/wp-content\/uploads\/sites\/3\/2019\/02\/brunlampsk-269x300-1.jpg","datePublished":"2019-02-14T14:32:05+00:00","dateModified":"2023-10-13T13:53:35+00:00","breadcrumb":{"@id":"https:\/\/finedesignstockholm.se\/?product=lampskarm-brun#breadcrumb"},"inLanguage":"sv-SE","potentialAction":[{"@type":"ReadAction","target":["https:\/\/finedesignstockholm.se\/?product=lampskarm-brun"]}]},{"@type":"ImageObject","inLanguage":"sv-SE","@id":"https:\/\/finedesignstockholm.se\/?product=lampskarm-brun#primaryimage","url":"https:\/\/finedesignstockholm.se\/wp-content\/uploads\/sites\/3\/2019\/02\/brunlampsk-269x300-1.jpg","contentUrl":"https:\/\/finedesignstockholm.se\/wp-content\/uploads\/sites\/3\/2019\/02\/brunlampsk-269x300-1.jpg","width":269,"height":300},{"@type":"BreadcrumbList","@id":"https:\/\/finedesignstockholm.se\/?product=lampskarm-brun#breadcrumb","itemListElement":[{"@type":"ListItem","position":1,"name":"Hem","item":"https:\/\/finedesignstockholm.se\/"},{"@type":"ListItem","position":2,"name":"Sortiment att hyra","item":"https:\/\/finedesignstockholm.se\/?page_id=35"},{"@type":"ListItem","position":3,"name":"LAMPSK\u00c4RM BRUN"}]},{"@type":"WebSite","@id":"https:\/\/finedesignstockholm.se\/#website","url":"https:\/\/finedesignstockholm.se\/","name":"Fine Design Stockholm AB","description":"","potentialAction":[{"@type":"SearchAction","target":{"@type":"EntryPoint","urlTemplate":"https:\/\/finedesignstockholm.se\/?s={search_term_string}"},"query-input":{"@type":"PropertyValueSpecification","valueRequired":true,"valueName":"search_term_string"}}],"inLanguage":"sv-SE"}]}},"_links":{"self":[{"href":"https:\/\/finedesignstockholm.se\/index.php?rest_route=\/wp\/v2\/product\/1152","targetHints":{"allow":["GET"]}}],"collection":[{"href":"https:\/\/finedesignstockholm.se\/index.php?rest_route=\/wp\/v2\/product"}],"about":[{"href":"https:\/\/finedesignstockholm.se\/index.php?rest_route=\/wp\/v2\/types\/product"}],"replies":[{"embeddable":true,"href":"https:\/\/finedesignstockholm.se\/index.php?rest_route=%2Fwp%2Fv2%2Fcomments&post=1152"}],"wp:featuredmedia":[{"embeddable":true,"href":"https:\/\/finedesignstockholm.se\/index.php?rest_route=\/wp\/v2\/media\/1728"}],"wp:attachment":[{"href":"https:\/\/finedesignstockholm.se\/index.php?rest_route=%2Fwp%2Fv2%2Fmedia&parent=1152"}],"wp:term":[{"taxonomy":"product_brand","embeddable":true,"href":"https:\/\/finedesignstockholm.se\/index.php?rest_route=%2Fwp%2Fv2%2Fproduct_brand&post=1152"},{"taxonomy":"product_cat","embeddable":true,"href":"https:\/\/finedesignstockholm.se\/index.php?rest_route=%2Fwp%2Fv2%2Fproduct_cat&post=1152"},{"taxonomy":"product_tag","embeddable":true,"href":"https:\/\/finedesignstockholm.se\/index.php?rest_route=%2Fwp%2Fv2%2Fproduct_tag&post=1152"}],"curies":[{"name":"wp","href":"https:\/\/api.w.org\/{rel}","templated":true}]}}