{"id":158,"date":"2016-06-14T14:11:54","date_gmt":"2016-06-14T12:11:54","guid":{"rendered":"http:\/\/finedesignstockholm.se\/?post_type=product&#038;p=158"},"modified":"2022-09-29T15:01:52","modified_gmt":"2022-09-29T13:01:52","slug":"foam-table","status":"publish","type":"product","link":"https:\/\/finedesignstockholm.se\/?product=foam-table","title":{"rendered":"FOAM TABLE"},"content":{"rendered":"","protected":false},"excerpt":{"rendered":"<p class=\"p1\"><span class=\"s1\">Sidobord\/soffbord med skiva i tr\u00e4<\/span><\/p>\n<p class=\"p1\"><span class=\"s1\"><strong>Varum\u00e4rke:<\/strong> Moooi<\/span><\/p>\n<p class=\"p1\"><span class=\"s1\"><strong>M\u00e5tt:<\/strong><br \/>\n<\/span><span class=\"s1\">\u00d8: 70 cm<br \/>\n<\/span>H\u00f6jd: 48 cm<\/p>\n<p class=\"p1\"><em><span class=\"s1\">Hyrpris baserat p\u00e5 1-dygn, veckopris offereras!<\/span><\/em><\/p>\n","protected":false},"featured_media":159,"comment_status":"open","ping_status":"closed","template":"","meta":[],"product_brand":[],"product_cat":[99,96],"product_tag":[201,200],"class_list":{"0":"post-158","1":"product","2":"type-product","3":"status-publish","4":"has-post-thumbnail","6":"product_cat-bord","7":"product_cat-mobler","8":"product_tag-sidobord","9":"product_tag-soffbord","11":"first","12":"instock","13":"taxable","14":"shipping-taxable","15":"purchasable","16":"product-type-simple"},"bundle_layout":"","bundled_by":[],"bundled_items":[],"yoast_head":"<!-- This site is optimized with the Yoast SEO Premium plugin v21.8 (Yoast SEO v27.3) - https:\/\/yoast.com\/product\/yoast-seo-premium-wordpress\/ -->\n<title>FOAM TABLE - Fine Design Stockholm AB<\/title>\n<meta name=\"robots\" content=\"index, follow, max-snippet:-1, max-image-preview:large, max-video-preview:-1\" \/>\n<link rel=\"canonical\" href=\"https:\/\/finedesignstockholm.se\/?product=foam-table\" \/>\n<meta property=\"og:locale\" content=\"sv_SE\" \/>\n<meta property=\"og:type\" content=\"article\" \/>\n<meta property=\"og:title\" content=\"FOAM TABLE\" \/>\n<meta property=\"og:description\" content=\"Sidobord\/soffbord med skiva i tr\u00e4 Varum\u00e4rke: Moooi M\u00e5tt: \u00d8: 70 cm H\u00f6jd: 48 cm Hyrpris baserat p\u00e5 1-dygn, veckopris offereras!\" \/>\n<meta property=\"og:url\" content=\"https:\/\/finedesignstockholm.se\/?product=foam-table\" \/>\n<meta property=\"og:site_name\" content=\"Fine Design Stockholm AB\" \/>\n<meta property=\"article:modified_time\" content=\"2022-09-29T13:01:52+00:00\" \/>\n<meta property=\"og:image\" content=\"https:\/\/finedesignstockholm.se\/wp-content\/uploads\/sites\/3\/2016\/06\/foam_table.jpg\" \/>\n\t<meta property=\"og:image:width\" content=\"297\" \/>\n\t<meta property=\"og:image:height\" content=\"296\" \/>\n\t<meta property=\"og:image:type\" content=\"image\/jpeg\" \/>\n<meta name=\"twitter:card\" content=\"summary_large_image\" \/>\n<script type=\"application\/ld+json\" class=\"yoast-schema-graph\">{\"@context\":\"https:\\\/\\\/schema.org\",\"@graph\":[{\"@type\":\"WebPage\",\"@id\":\"https:\\\/\\\/finedesignstockholm.se\\\/?product=foam-table\",\"url\":\"https:\\\/\\\/finedesignstockholm.se\\\/?product=foam-table\",\"name\":\"FOAM TABLE - Fine Design Stockholm AB\",\"isPartOf\":{\"@id\":\"https:\\\/\\\/finedesignstockholm.se\\\/#website\"},\"primaryImageOfPage\":{\"@id\":\"https:\\\/\\\/finedesignstockholm.se\\\/?product=foam-table#primaryimage\"},\"image\":{\"@id\":\"https:\\\/\\\/finedesignstockholm.se\\\/?product=foam-table#primaryimage\"},\"thumbnailUrl\":\"https:\\\/\\\/finedesignstockholm.se\\\/wp-content\\\/uploads\\\/sites\\\/3\\\/2016\\\/06\\\/foam_table.jpg\",\"datePublished\":\"2016-06-14T12:11:54+00:00\",\"dateModified\":\"2022-09-29T13:01:52+00:00\",\"breadcrumb\":{\"@id\":\"https:\\\/\\\/finedesignstockholm.se\\\/?product=foam-table#breadcrumb\"},\"inLanguage\":\"sv-SE\",\"potentialAction\":[{\"@type\":\"ReadAction\",\"target\":[\"https:\\\/\\\/finedesignstockholm.se\\\/?product=foam-table\"]}]},{\"@type\":\"ImageObject\",\"inLanguage\":\"sv-SE\",\"@id\":\"https:\\\/\\\/finedesignstockholm.se\\\/?product=foam-table#primaryimage\",\"url\":\"https:\\\/\\\/finedesignstockholm.se\\\/wp-content\\\/uploads\\\/sites\\\/3\\\/2016\\\/06\\\/foam_table.jpg\",\"contentUrl\":\"https:\\\/\\\/finedesignstockholm.se\\\/wp-content\\\/uploads\\\/sites\\\/3\\\/2016\\\/06\\\/foam_table.jpg\",\"width\":297,\"height\":296},{\"@type\":\"BreadcrumbList\",\"@id\":\"https:\\\/\\\/finedesignstockholm.se\\\/?product=foam-table#breadcrumb\",\"itemListElement\":[{\"@type\":\"ListItem\",\"position\":1,\"name\":\"Hem\",\"item\":\"https:\\\/\\\/finedesignstockholm.se\\\/\"},{\"@type\":\"ListItem\",\"position\":2,\"name\":\"Sortiment att hyra\",\"item\":\"https:\\\/\\\/finedesignstockholm.se\\\/?page_id=35\"},{\"@type\":\"ListItem\",\"position\":3,\"name\":\"FOAM TABLE\"}]},{\"@type\":\"WebSite\",\"@id\":\"https:\\\/\\\/finedesignstockholm.se\\\/#website\",\"url\":\"https:\\\/\\\/finedesignstockholm.se\\\/\",\"name\":\"Fine Design Stockholm AB\",\"description\":\"\",\"potentialAction\":[{\"@type\":\"SearchAction\",\"target\":{\"@type\":\"EntryPoint\",\"urlTemplate\":\"https:\\\/\\\/finedesignstockholm.se\\\/?s={search_term_string}\"},\"query-input\":{\"@type\":\"PropertyValueSpecification\",\"valueRequired\":true,\"valueName\":\"search_term_string\"}}],\"inLanguage\":\"sv-SE\"}]}<\/script>\n<!-- \/ Yoast SEO Premium plugin. -->","yoast_head_json":{"title":"FOAM TABLE - Fine Design Stockholm AB","robots":{"index":"index","follow":"follow","max-snippet":"max-snippet:-1","max-image-preview":"max-image-preview:large","max-video-preview":"max-video-preview:-1"},"canonical":"https:\/\/finedesignstockholm.se\/?product=foam-table","og_locale":"sv_SE","og_type":"article","og_title":"FOAM TABLE","og_description":"Sidobord\/soffbord med skiva i tr\u00e4 Varum\u00e4rke: Moooi M\u00e5tt: \u00d8: 70 cm H\u00f6jd: 48 cm Hyrpris baserat p\u00e5 1-dygn, veckopris offereras!","og_url":"https:\/\/finedesignstockholm.se\/?product=foam-table","og_site_name":"Fine Design Stockholm AB","article_modified_time":"2022-09-29T13:01:52+00:00","og_image":[{"width":297,"height":296,"url":"https:\/\/finedesignstockholm.se\/wp-content\/uploads\/sites\/3\/2016\/06\/foam_table.jpg","type":"image\/jpeg"}],"twitter_card":"summary_large_image","schema":{"@context":"https:\/\/schema.org","@graph":[{"@type":"WebPage","@id":"https:\/\/finedesignstockholm.se\/?product=foam-table","url":"https:\/\/finedesignstockholm.se\/?product=foam-table","name":"FOAM TABLE - Fine Design Stockholm AB","isPartOf":{"@id":"https:\/\/finedesignstockholm.se\/#website"},"primaryImageOfPage":{"@id":"https:\/\/finedesignstockholm.se\/?product=foam-table#primaryimage"},"image":{"@id":"https:\/\/finedesignstockholm.se\/?product=foam-table#primaryimage"},"thumbnailUrl":"https:\/\/finedesignstockholm.se\/wp-content\/uploads\/sites\/3\/2016\/06\/foam_table.jpg","datePublished":"2016-06-14T12:11:54+00:00","dateModified":"2022-09-29T13:01:52+00:00","breadcrumb":{"@id":"https:\/\/finedesignstockholm.se\/?product=foam-table#breadcrumb"},"inLanguage":"sv-SE","potentialAction":[{"@type":"ReadAction","target":["https:\/\/finedesignstockholm.se\/?product=foam-table"]}]},{"@type":"ImageObject","inLanguage":"sv-SE","@id":"https:\/\/finedesignstockholm.se\/?product=foam-table#primaryimage","url":"https:\/\/finedesignstockholm.se\/wp-content\/uploads\/sites\/3\/2016\/06\/foam_table.jpg","contentUrl":"https:\/\/finedesignstockholm.se\/wp-content\/uploads\/sites\/3\/2016\/06\/foam_table.jpg","width":297,"height":296},{"@type":"BreadcrumbList","@id":"https:\/\/finedesignstockholm.se\/?product=foam-table#breadcrumb","itemListElement":[{"@type":"ListItem","position":1,"name":"Hem","item":"https:\/\/finedesignstockholm.se\/"},{"@type":"ListItem","position":2,"name":"Sortiment att hyra","item":"https:\/\/finedesignstockholm.se\/?page_id=35"},{"@type":"ListItem","position":3,"name":"FOAM TABLE"}]},{"@type":"WebSite","@id":"https:\/\/finedesignstockholm.se\/#website","url":"https:\/\/finedesignstockholm.se\/","name":"Fine Design Stockholm AB","description":"","potentialAction":[{"@type":"SearchAction","target":{"@type":"EntryPoint","urlTemplate":"https:\/\/finedesignstockholm.se\/?s={search_term_string}"},"query-input":{"@type":"PropertyValueSpecification","valueRequired":true,"valueName":"search_term_string"}}],"inLanguage":"sv-SE"}]}},"_links":{"self":[{"href":"https:\/\/finedesignstockholm.se\/index.php?rest_route=\/wp\/v2\/product\/158","targetHints":{"allow":["GET"]}}],"collection":[{"href":"https:\/\/finedesignstockholm.se\/index.php?rest_route=\/wp\/v2\/product"}],"about":[{"href":"https:\/\/finedesignstockholm.se\/index.php?rest_route=\/wp\/v2\/types\/product"}],"replies":[{"embeddable":true,"href":"https:\/\/finedesignstockholm.se\/index.php?rest_route=%2Fwp%2Fv2%2Fcomments&post=158"}],"wp:featuredmedia":[{"embeddable":true,"href":"https:\/\/finedesignstockholm.se\/index.php?rest_route=\/wp\/v2\/media\/159"}],"wp:attachment":[{"href":"https:\/\/finedesignstockholm.se\/index.php?rest_route=%2Fwp%2Fv2%2Fmedia&parent=158"}],"wp:term":[{"taxonomy":"product_brand","embeddable":true,"href":"https:\/\/finedesignstockholm.se\/index.php?rest_route=%2Fwp%2Fv2%2Fproduct_brand&post=158"},{"taxonomy":"product_cat","embeddable":true,"href":"https:\/\/finedesignstockholm.se\/index.php?rest_route=%2Fwp%2Fv2%2Fproduct_cat&post=158"},{"taxonomy":"product_tag","embeddable":true,"href":"https:\/\/finedesignstockholm.se\/index.php?rest_route=%2Fwp%2Fv2%2Fproduct_tag&post=158"}],"curies":[{"name":"wp","href":"https:\/\/api.w.org\/{rel}","templated":true}]}}