{"id":198,"date":"2016-06-14T14:59:12","date_gmt":"2016-06-14T12:59:12","guid":{"rendered":"http:\/\/finedesignstockholm.se\/?post_type=product&#038;p=198"},"modified":"2022-09-29T15:32:08","modified_gmt":"2022-09-29T13:32:08","slug":"about-a-stool","status":"publish","type":"product","link":"https:\/\/finedesignstockholm.se\/?product=about-a-stool","title":{"rendered":"ABOUT A STOOL"},"content":{"rendered":"","protected":false},"excerpt":{"rendered":"<p class=\"p1\"><span class=\"s1\"><strong>Varum\u00e4rke:<\/strong>\u00a0HAY<br \/>\n<strong>Design:<\/strong>\u00a0Hee Welling<\/span><\/p>\n<p class=\"p1\"><span class=\"s1\"><strong>M\u00e5tt:<\/strong><br \/>\n<\/span><span class=\"s1\">Bredd: 47 cm<\/span><span class=\"s1\"><br \/>\n<\/span><span class=\"s1\">Sitth\u00f6jd: 65 cm<\/span><\/p>\n<p class=\"p1\"><em><span class=\"s1\">Hyrpris baserat p\u00e5 1-dygn, veckopris offereras!<\/span><\/em><\/p>\n","protected":false},"featured_media":731,"comment_status":"open","ping_status":"closed","template":"","meta":[],"product_brand":[],"product_cat":[96,100],"product_tag":[],"class_list":{"0":"post-198","1":"product","2":"type-product","3":"status-publish","4":"has-post-thumbnail","6":"product_cat-mobler","7":"product_cat-stolar","9":"first","10":"instock","11":"taxable","12":"shipping-taxable","13":"purchasable","14":"product-type-simple"},"bundle_layout":"","bundled_by":[],"bundled_items":[],"yoast_head":"<!-- This site is optimized with the Yoast SEO Premium plugin v21.8 (Yoast SEO v27.4) - https:\/\/yoast.com\/product\/yoast-seo-premium-wordpress\/ -->\n<title>ABOUT A STOOL - Fine Design Stockholm AB<\/title>\n<meta name=\"robots\" content=\"index, follow, max-snippet:-1, max-image-preview:large, max-video-preview:-1\" \/>\n<link rel=\"canonical\" href=\"https:\/\/finedesignstockholm.se\/?product=about-a-stool\" \/>\n<meta property=\"og:locale\" content=\"sv_SE\" \/>\n<meta property=\"og:type\" content=\"article\" \/>\n<meta property=\"og:title\" content=\"ABOUT A STOOL\" \/>\n<meta property=\"og:description\" content=\"Varum\u00e4rke:\u00a0HAY Design:\u00a0Hee Welling M\u00e5tt: Bredd: 47 cm Sitth\u00f6jd: 65 cm Hyrpris baserat p\u00e5 1-dygn, veckopris offereras!\" \/>\n<meta property=\"og:url\" content=\"https:\/\/finedesignstockholm.se\/?product=about-a-stool\" \/>\n<meta property=\"og:site_name\" content=\"Fine Design Stockholm AB\" \/>\n<meta property=\"article:modified_time\" content=\"2022-09-29T13:32:08+00:00\" \/>\n<meta property=\"og:image\" content=\"https:\/\/finedesignstockholm.se\/wp-content\/uploads\/sites\/3\/2016\/06\/47661_4736b9ea59f74066309dbcf5db23a342-e1481281932814.jpg\" \/>\n\t<meta property=\"og:image:width\" content=\"1000\" \/>\n\t<meta property=\"og:image:height\" content=\"1000\" \/>\n\t<meta property=\"og:image:type\" content=\"image\/jpeg\" \/>\n<meta name=\"twitter:card\" content=\"summary_large_image\" \/>\n<script type=\"application\/ld+json\" class=\"yoast-schema-graph\">{\"@context\":\"https:\\\/\\\/schema.org\",\"@graph\":[{\"@type\":\"WebPage\",\"@id\":\"https:\\\/\\\/finedesignstockholm.se\\\/?product=about-a-stool\",\"url\":\"https:\\\/\\\/finedesignstockholm.se\\\/?product=about-a-stool\",\"name\":\"ABOUT A STOOL - Fine Design Stockholm AB\",\"isPartOf\":{\"@id\":\"https:\\\/\\\/finedesignstockholm.se\\\/#website\"},\"primaryImageOfPage\":{\"@id\":\"https:\\\/\\\/finedesignstockholm.se\\\/?product=about-a-stool#primaryimage\"},\"image\":{\"@id\":\"https:\\\/\\\/finedesignstockholm.se\\\/?product=about-a-stool#primaryimage\"},\"thumbnailUrl\":\"https:\\\/\\\/finedesignstockholm.se\\\/wp-content\\\/uploads\\\/sites\\\/3\\\/2016\\\/06\\\/47661_4736b9ea59f74066309dbcf5db23a342-e1481281932814.jpg\",\"datePublished\":\"2016-06-14T12:59:12+00:00\",\"dateModified\":\"2022-09-29T13:32:08+00:00\",\"breadcrumb\":{\"@id\":\"https:\\\/\\\/finedesignstockholm.se\\\/?product=about-a-stool#breadcrumb\"},\"inLanguage\":\"sv-SE\",\"potentialAction\":[{\"@type\":\"ReadAction\",\"target\":[\"https:\\\/\\\/finedesignstockholm.se\\\/?product=about-a-stool\"]}]},{\"@type\":\"ImageObject\",\"inLanguage\":\"sv-SE\",\"@id\":\"https:\\\/\\\/finedesignstockholm.se\\\/?product=about-a-stool#primaryimage\",\"url\":\"https:\\\/\\\/finedesignstockholm.se\\\/wp-content\\\/uploads\\\/sites\\\/3\\\/2016\\\/06\\\/47661_4736b9ea59f74066309dbcf5db23a342-e1481281932814.jpg\",\"contentUrl\":\"https:\\\/\\\/finedesignstockholm.se\\\/wp-content\\\/uploads\\\/sites\\\/3\\\/2016\\\/06\\\/47661_4736b9ea59f74066309dbcf5db23a342-e1481281932814.jpg\",\"width\":1000,\"height\":1000},{\"@type\":\"BreadcrumbList\",\"@id\":\"https:\\\/\\\/finedesignstockholm.se\\\/?product=about-a-stool#breadcrumb\",\"itemListElement\":[{\"@type\":\"ListItem\",\"position\":1,\"name\":\"Hem\",\"item\":\"https:\\\/\\\/finedesignstockholm.se\\\/\"},{\"@type\":\"ListItem\",\"position\":2,\"name\":\"Sortiment att hyra\",\"item\":\"https:\\\/\\\/finedesignstockholm.se\\\/?page_id=35\"},{\"@type\":\"ListItem\",\"position\":3,\"name\":\"ABOUT A STOOL\"}]},{\"@type\":\"WebSite\",\"@id\":\"https:\\\/\\\/finedesignstockholm.se\\\/#website\",\"url\":\"https:\\\/\\\/finedesignstockholm.se\\\/\",\"name\":\"Fine Design Stockholm AB\",\"description\":\"\",\"potentialAction\":[{\"@type\":\"SearchAction\",\"target\":{\"@type\":\"EntryPoint\",\"urlTemplate\":\"https:\\\/\\\/finedesignstockholm.se\\\/?s={search_term_string}\"},\"query-input\":{\"@type\":\"PropertyValueSpecification\",\"valueRequired\":true,\"valueName\":\"search_term_string\"}}],\"inLanguage\":\"sv-SE\"}]}<\/script>\n<!-- \/ Yoast SEO Premium plugin. -->","yoast_head_json":{"title":"ABOUT A STOOL - Fine Design Stockholm AB","robots":{"index":"index","follow":"follow","max-snippet":"max-snippet:-1","max-image-preview":"max-image-preview:large","max-video-preview":"max-video-preview:-1"},"canonical":"https:\/\/finedesignstockholm.se\/?product=about-a-stool","og_locale":"sv_SE","og_type":"article","og_title":"ABOUT A STOOL","og_description":"Varum\u00e4rke:\u00a0HAY Design:\u00a0Hee Welling M\u00e5tt: Bredd: 47 cm Sitth\u00f6jd: 65 cm Hyrpris baserat p\u00e5 1-dygn, veckopris offereras!","og_url":"https:\/\/finedesignstockholm.se\/?product=about-a-stool","og_site_name":"Fine Design Stockholm AB","article_modified_time":"2022-09-29T13:32:08+00:00","og_image":[{"width":1000,"height":1000,"url":"https:\/\/finedesignstockholm.se\/wp-content\/uploads\/sites\/3\/2016\/06\/47661_4736b9ea59f74066309dbcf5db23a342-e1481281932814.jpg","type":"image\/jpeg"}],"twitter_card":"summary_large_image","schema":{"@context":"https:\/\/schema.org","@graph":[{"@type":"WebPage","@id":"https:\/\/finedesignstockholm.se\/?product=about-a-stool","url":"https:\/\/finedesignstockholm.se\/?product=about-a-stool","name":"ABOUT A STOOL - Fine Design Stockholm AB","isPartOf":{"@id":"https:\/\/finedesignstockholm.se\/#website"},"primaryImageOfPage":{"@id":"https:\/\/finedesignstockholm.se\/?product=about-a-stool#primaryimage"},"image":{"@id":"https:\/\/finedesignstockholm.se\/?product=about-a-stool#primaryimage"},"thumbnailUrl":"https:\/\/finedesignstockholm.se\/wp-content\/uploads\/sites\/3\/2016\/06\/47661_4736b9ea59f74066309dbcf5db23a342-e1481281932814.jpg","datePublished":"2016-06-14T12:59:12+00:00","dateModified":"2022-09-29T13:32:08+00:00","breadcrumb":{"@id":"https:\/\/finedesignstockholm.se\/?product=about-a-stool#breadcrumb"},"inLanguage":"sv-SE","potentialAction":[{"@type":"ReadAction","target":["https:\/\/finedesignstockholm.se\/?product=about-a-stool"]}]},{"@type":"ImageObject","inLanguage":"sv-SE","@id":"https:\/\/finedesignstockholm.se\/?product=about-a-stool#primaryimage","url":"https:\/\/finedesignstockholm.se\/wp-content\/uploads\/sites\/3\/2016\/06\/47661_4736b9ea59f74066309dbcf5db23a342-e1481281932814.jpg","contentUrl":"https:\/\/finedesignstockholm.se\/wp-content\/uploads\/sites\/3\/2016\/06\/47661_4736b9ea59f74066309dbcf5db23a342-e1481281932814.jpg","width":1000,"height":1000},{"@type":"BreadcrumbList","@id":"https:\/\/finedesignstockholm.se\/?product=about-a-stool#breadcrumb","itemListElement":[{"@type":"ListItem","position":1,"name":"Hem","item":"https:\/\/finedesignstockholm.se\/"},{"@type":"ListItem","position":2,"name":"Sortiment att hyra","item":"https:\/\/finedesignstockholm.se\/?page_id=35"},{"@type":"ListItem","position":3,"name":"ABOUT A STOOL"}]},{"@type":"WebSite","@id":"https:\/\/finedesignstockholm.se\/#website","url":"https:\/\/finedesignstockholm.se\/","name":"Fine Design Stockholm AB","description":"","potentialAction":[{"@type":"SearchAction","target":{"@type":"EntryPoint","urlTemplate":"https:\/\/finedesignstockholm.se\/?s={search_term_string}"},"query-input":{"@type":"PropertyValueSpecification","valueRequired":true,"valueName":"search_term_string"}}],"inLanguage":"sv-SE"}]}},"_links":{"self":[{"href":"https:\/\/finedesignstockholm.se\/index.php?rest_route=\/wp\/v2\/product\/198","targetHints":{"allow":["GET"]}}],"collection":[{"href":"https:\/\/finedesignstockholm.se\/index.php?rest_route=\/wp\/v2\/product"}],"about":[{"href":"https:\/\/finedesignstockholm.se\/index.php?rest_route=\/wp\/v2\/types\/product"}],"replies":[{"embeddable":true,"href":"https:\/\/finedesignstockholm.se\/index.php?rest_route=%2Fwp%2Fv2%2Fcomments&post=198"}],"wp:featuredmedia":[{"embeddable":true,"href":"https:\/\/finedesignstockholm.se\/index.php?rest_route=\/wp\/v2\/media\/731"}],"wp:attachment":[{"href":"https:\/\/finedesignstockholm.se\/index.php?rest_route=%2Fwp%2Fv2%2Fmedia&parent=198"}],"wp:term":[{"taxonomy":"product_brand","embeddable":true,"href":"https:\/\/finedesignstockholm.se\/index.php?rest_route=%2Fwp%2Fv2%2Fproduct_brand&post=198"},{"taxonomy":"product_cat","embeddable":true,"href":"https:\/\/finedesignstockholm.se\/index.php?rest_route=%2Fwp%2Fv2%2Fproduct_cat&post=198"},{"taxonomy":"product_tag","embeddable":true,"href":"https:\/\/finedesignstockholm.se\/index.php?rest_route=%2Fwp%2Fv2%2Fproduct_tag&post=198"}],"curies":[{"name":"wp","href":"https:\/\/api.w.org\/{rel}","templated":true}]}}